{"id":503,"date":"2023-08-02T13:14:52","date_gmt":"2023-08-02T13:14:52","guid":{"rendered":"http:\/\/keepmeready.com\/?page_id=503"},"modified":"2023-08-02T13:18:02","modified_gmt":"2023-08-02T13:18:02","slug":"aviso-legal","status":"publish","type":"page","link":"https:\/\/keepmeready.com\/es\/aviso-legal","title":{"rendered":"Aviso Legal"},"content":{"rendered":"<h2 class=\"wp-block-gutenverse-heading guten-element guten-y94Pw4\">Aviso Legal<\/h2>\n\n\n\n<p>La utilizaci\u00f3n de la p\u00e1gina web atribuye la condici\u00f3n de Usuario e implica su aceptaci\u00f3n plena y sin reservas a todas y cada una de las disposiciones incluidas en este Aviso Legal, por lo que si \u00e9ste no est\u00e1 de acuerdo con cualquiera de las condiciones aqu\u00ed establecidas, no deber\u00e1 usar\/acceder a esta web.<\/p>\n\n\n\n<p><strong>Propiedad Intelectual e Industrial<\/strong><\/p>\n\n\n\n<p>Todos los contenidos de la presente p\u00e1gina web, incluyendo sin car\u00e1cter limitativo, textos, gr\u00e1ficos, im\u00e1genes, su dise\u00f1o y los derechos de propiedad intelectual que pudieran corresponder a dichos contenidos, as\u00ed como todas las marcas, nombres comerciales o cualquier otro signo distintivo son propiedad de KeepMeReady o de sus leg\u00edtimos propietarios, quedando reservados todos los derechos sobre los mismos.<\/p>\n\n\n\n<p>Queda prohibido cualquier acto de reproducci\u00f3n de los contenidos, en todo o en parte, en cualquier forma o medio, sea mec\u00e1nico, electr\u00f3nico, reprogr\u00e1fico u otro, as\u00ed como cualquier acto de difusi\u00f3n, comunicaci\u00f3n p\u00fablica o distribuci\u00f3n, sin la previa autorizaci\u00f3n por escrito de KeepMeReady o de sus leg\u00edtimos propietarios.<\/p>\n\n\n\n<p>KeepMeReady no ser\u00e1 responsable de los da\u00f1os o perjuicios que pudieran derivarse de la utilizaci\u00f3n de los contenidos por parte de los usuarios o de la infracci\u00f3n por parte de \u00e9stos de cualquier disposici\u00f3n legal vigente.<\/p>\n\n\n\n<p><strong>Enlaces<\/strong><\/p>\n\n\n\n<p>KeepMeReady no asume ninguna responsabilidad sobre los enlaces externos que, en su caso, pudieran incluirse en la web, ya que no tiene ning\u00fan tipo de control sobre los mismos, por lo que el usuario accede bajo su exclusiva responsabilidad al contenido y en las condiciones de uso que rijan en los mismos.<\/p>\n\n\n\n<p><strong>Contenidos<\/strong><\/p>\n\n\n\n<p>KeepMeReady se reserva el derecho de efectuar sin previo aviso las modificaciones que considere oportunas en el sitio web, pudiendo cambiar, suprimir o a\u00f1adir tanto los contenidos y servicios que presta como la forma en la que \u00e9stos aparezcan presentados o localizados.<\/p>\n\n\n\n<p><strong>Comunicaciones y Notificaciones<\/strong><\/p>\n\n\n\n<p>Todas las comunicaciones y notificaciones realizadas, se considerar\u00e1n eficaces a todos los efectos, cuando se realicen a trav\u00e9s de correo electr\u00f3nico al e-mail suministrado por el usuario en el formulario de contacto. El usuario reconoce expresamente que dichos datos han sido suministrados por \u00e9l mismo y son veraces.<\/p>\n\n\n\n<p><strong>Legislaci\u00f3n Aplicable<\/strong><\/p>\n\n\n\n<p>El presente Aviso Legal se rige en todos y cada uno de sus extremos por la ley espa\u00f1ola, renunciando expresamente las partes al fuero que les corresponda, y someti\u00e9ndose a los Juzgados de la Region de Murcia.<\/p>","protected":false},"excerpt":{"rendered":"<p>La utilizaci\u00f3n de la p\u00e1gina web atribuye la condici\u00f3n de Usuario e implica su aceptaci\u00f3n plena y sin reservas a todas y cada una de las disposiciones incluidas en este Aviso Legal, por lo que si \u00e9ste no est\u00e1 de acuerdo con cualquiera de las condiciones aqu\u00ed establecidas, no deber\u00e1 usar\/acceder a esta web. Propiedad Intelectual e Industrial Todos los contenidos de la presente p\u00e1gina web, incluyendo sin car\u00e1cter limitativo, textos, gr\u00e1ficos, im\u00e1genes, su dise\u00f1o y los derechos de propiedad intelectual que pudieran corresponder a dichos contenidos, as\u00ed como todas las marcas, nombres comerciales o cualquier otro signo distintivo son<\/p>","protected":false},"author":1,"featured_media":0,"parent":0,"menu_order":0,"comment_status":"closed","ping_status":"closed","template":"template-basic","meta":{"_monsterinsights_skip_tracking":false,"_monsterinsights_sitenote_active":false,"_monsterinsights_sitenote_note":"","_monsterinsights_sitenote_category":0,"footnotes":""},"class_list":["post-503","page","type-page","status-publish","hentry"],"_links":{"self":[{"href":"https:\/\/keepmeready.com\/es\/wp-json\/wp\/v2\/pages\/503","targetHints":{"allow":["GET"]}}],"collection":[{"href":"https:\/\/keepmeready.com\/es\/wp-json\/wp\/v2\/pages"}],"about":[{"href":"https:\/\/keepmeready.com\/es\/wp-json\/wp\/v2\/types\/page"}],"author":[{"embeddable":true,"href":"https:\/\/keepmeready.com\/es\/wp-json\/wp\/v2\/users\/1"}],"replies":[{"embeddable":true,"href":"https:\/\/keepmeready.com\/es\/wp-json\/wp\/v2\/comments?post=503"}],"version-history":[{"count":3,"href":"https:\/\/keepmeready.com\/es\/wp-json\/wp\/v2\/pages\/503\/revisions"}],"predecessor-version":[{"id":507,"href":"https:\/\/keepmeready.com\/es\/wp-json\/wp\/v2\/pages\/503\/revisions\/507"}],"wp:attachment":[{"href":"https:\/\/keepmeready.com\/es\/wp-json\/wp\/v2\/media?parent=503"}],"curies":[{"name":"wp","href":"https:\/\/api.w.org\/{rel}","templated":true}]}}